{"id":237,"date":"2020-10-14T11:13:08","date_gmt":"2020-10-14T11:13:08","guid":{"rendered":"https:\/\/qi24.qodeinteractive.com\/?page_id=237"},"modified":"2025-03-24T18:15:16","modified_gmt":"2025-03-24T18:15:16","slug":"team","status":"publish","type":"page","link":"https:\/\/psicoanalisisdialogico.cl\/index.php\/team\/","title":{"rendered":"Team"},"content":{"rendered":"\t\t<div data-elementor-type=\"wp-page\" data-elementor-id=\"237\" class=\"elementor elementor-237\">\n\t\t\t\t\t\t<section class=\"elementor-section elementor-top-section elementor-element elementor-element-9d2264e elementor-section-full_width qodef-elementor-content-grid elementor-section-height-default elementor-section-height-default\" data-id=\"9d2264e\" data-element_type=\"section\" data-settings=\"{&quot;background_background&quot;:&quot;classic&quot;}\">\n\t\t\t\t\t\t<div class=\"elementor-container elementor-column-gap-default\">\n\t\t\t\t\t<div class=\"elementor-column elementor-col-100 elementor-top-column elementor-element elementor-element-4f73c6f\" data-id=\"4f73c6f\" data-element_type=\"column\">\n\t\t\t<div class=\"elementor-widget-wrap elementor-element-populated\">\n\t\t\t\t\t\t<div class=\"elementor-element elementor-element-b64776e elementor-widget elementor-widget-qi_addons_for_elementor_typeout_text\" data-id=\"b64776e\" data-element_type=\"widget\" data-widget_type=\"qi_addons_for_elementor_typeout_text.default\">\n\t\t\t\t<div class=\"elementor-widget-container\">\n\t\t\t<div class=\"qodef-shortcode qodef-m  qodef-qi-typeout-text\" data-strings=\"[&quot;&quot;]\" data-cursor=\"_\">\n\t<p class=\"qodef-m-text\">\n\t\t\t\t\tQuienes somos\t\t\t\t<span class=\"qodef-typeout-holder\">\n\t\t\t<span class=\"qodef-typeout\"><\/span>\n\t\t<\/span>\n\t<\/p>\n<\/div>\n\t\t<\/div>\n\t\t\t\t<\/div>\n\t\t\t\t<div class=\"elementor-element elementor-element-83db429 elementor-widget__width-initial elementor-widget elementor-widget-text-editor\" data-id=\"83db429\" data-element_type=\"widget\" data-widget_type=\"text-editor.default\">\n\t\t\t\t<div class=\"elementor-widget-container\">\n\t\t\t\t\t\t\t<h5><br><\/h5><h5>Somos Sebasti\u00e1n y Mauricio. Nos conocimos mientras hac\u00edamos nuestros doctorados en psicolog\u00eda, pero lo que nos hizo realmente querer seguir conversando son nuestras trayectorias art\u00edsticas.&nbsp;Mauricio es m\u00fasico y Sebasti\u00e1n, bailar\u00edn.&nbsp;<\/h5><div><br><\/div>\n<h5>Mauricio ha trabajado a\u00f1os en la cl\u00ednica particular y Sebasti\u00e1n varios otros en intervenciones cl\u00ednicas comunitarias e individuales. Si bien, ninguno de los dos es psicoanalista de formaci\u00f3n, por razones que est\u00e1n m\u00e1s all\u00e1 de nuestra raz\u00f3n, la teor\u00eda y la pr\u00e1ctica psicoanal\u00edtica han te\u00f1ido afectiva, te\u00f3rica y t\u00e9cnicamente nuestros trabajos cl\u00ednicos, investigativos y art\u00edsticos.&nbsp;<\/h5><div><br><\/div>\n<h5>Quiz\u00e1s como dato incluso m\u00e1s relevante, los dos hemos decidido tambi\u00e9n que sean hombres y mujeres psicoanalistas quienes nos han acompa\u00f1ado como pacientes en distintas y largas etapas de la vida en nuestros procesos de articulaci\u00f3n y re-articulaci\u00f3n subjetiva.<\/h5>\t\t\t\t\t\t<\/div>\n\t\t\t\t<\/div>\n\t\t\t\t\t<\/div>\n\t\t<\/div>\n\t\t\t\t\t<\/div>\n\t\t<\/section>\n\t\t\t\t<section class=\"elementor-section elementor-top-section elementor-element elementor-element-309d58e elementor-section-full_width qodef-elementor-content-grid elementor-section-height-default elementor-section-height-default\" data-id=\"309d58e\" data-element_type=\"section\">\n\t\t\t\t\t\t<div class=\"elementor-container elementor-column-gap-default\">\n\t\t\t\t\t<div class=\"elementor-column elementor-col-50 elementor-top-column elementor-element elementor-element-3befcbf\" data-id=\"3befcbf\" data-element_type=\"column\">\n\t\t\t<div class=\"elementor-widget-wrap elementor-element-populated\">\n\t\t\t\t\t\t<div class=\"elementor-element elementor-element-6408d8e elementor-widget elementor-widget-qi_addons_for_elementor_team_member\" data-id=\"6408d8e\" data-element_type=\"widget\" data-widget_type=\"qi_addons_for_elementor_team_member.default\">\n\t\t\t\t<div class=\"elementor-widget-container\">\n\t\t\t<div class=\"qodef-shortcode qodef-m  qodef-qi-team-member qodef-item-layout--info-below \">\n\t<div class=\"qodef-m-inner\">\n\t\t<div class=\"qodef-m-image\">\n\t\t\t\t<div class=\"qodef-m-media-image\">\n\t\t<img fetchpriority=\"high\" decoding=\"async\" width=\"500\" height=\"500\" src=\"https:\/\/psicoanalisisdialogico.cl\/wp-content\/uploads\/2024\/12\/2.png\" class=\"attachment-full size-full\" alt=\"\" srcset=\"https:\/\/psicoanalisisdialogico.cl\/wp-content\/uploads\/2024\/12\/2.png 500w, https:\/\/psicoanalisisdialogico.cl\/wp-content\/uploads\/2024\/12\/2-300x300.png 300w, https:\/\/psicoanalisisdialogico.cl\/wp-content\/uploads\/2024\/12\/2-150x150.png 150w\" sizes=\"(max-width: 500px) 100vw, 500px\" \/>\t<\/div>\n\t\t<\/div>\n\t\t<div class=\"qodef-m-content\">\n\t\t\t\t<h4 itemprop=\"name\" class=\"qodef-m-title\">\n\t\tMauricio Toval-Gajardo\t<\/h4>\n\t\t\t\t\t<p class=\"qodef-m-role\">Es doctor en psicolog\u00eda por la Universidad Alberto Hurtado. Mag\u00edster en investigaci\u00f3n en psicolog\u00eda, m\u00fasico y productor. Actualmente desarrolla su trabajo como acad\u00e9mico colaborador de la Facultad de Psicolog\u00eda de la Universidad Alberto Hurtado y de la Universidad Gabriela Mistral, adem\u00e1s de trabajar en su consulta privada. Durante varios a\u00f1os ha investigado la experiencia subjetiva de m\u00fasicos\/as independientes de Santiago de Chile, a partir de los planteamientos del psicoan\u00e1lisis y del dialogismo.<\/p>\n\t\t\t\t<div class=\"qodef-m-social-icons\">\n\t\t\t\t\t\t\t<a class=\"qodef-e-social-icon-link\" itemprop=\"url\" href=\"https:\/\/www.researchgate.net\/profile\/Mauricio-Toval-Gajardo\/research\" target=\"_blank\">\n\t\t\t\t\t\t\t\t<span class=\"qodef-e-social-icon\">\n\t\t\t\t\t<svg aria-hidden=\"true\" class=\"e-font-icon-svg e-fab-researchgate\" viewBox=\"0 0 448 512\" xmlns=\"http:\/\/www.w3.org\/2000\/svg\"><path d=\"M0 32v448h448V32H0zm262.2 334.4c-6.6 3-33.2 6-50-14.2-9.2-10.6-25.3-33.3-42.2-63.6-8.9 0-14.7 0-21.4-.6v46.4c0 23.5 6 21.2 25.8 23.9v8.1c-6.9-.3-23.1-.8-35.6-.8-13.1 0-26.1.6-33.6.8v-8.1c15.5-2.9 22-1.3 22-23.9V225c0-22.6-6.4-21-22-23.9V193c25.8 1 53.1-.6 70.9-.6 31.7 0 55.9 14.4 55.9 45.6 0 21.1-16.7 42.2-39.2 47.5 13.6 24.2 30 45.6 42.2 58.9 7.2 7.8 17.2 14.7 27.2 14.7v7.3zm22.9-135c-23.3 0-32.2-15.7-32.2-32.2V167c0-12.2 8.8-30.4 34-30.4s30.4 17.9 30.4 17.9l-10.7 7.2s-5.5-12.5-19.7-12.5c-7.9 0-19.7 7.3-19.7 19.7v26.8c0 13.4 6.6 23.3 17.9 23.3 14.1 0 21.5-10.9 21.5-26.8h-17.9v-10.7h30.4c0 20.5 4.7 49.9-34 49.9zm-116.5 44.7c-9.4 0-13.6-.3-20-.8v-69.7c6.4-.6 15-.6 22.5-.6 23.3 0 37.2 12.2 37.2 34.5 0 21.9-15 36.6-39.7 36.6z\"><\/path><\/svg>\t\t\t\t<\/span>\n\t\t\t\t\t\t\t\t\t<\/a>\n\t\t\t\t\t\t\t\t\t\t<a class=\"qodef-e-social-icon-link\" itemprop=\"url\" href=\"https:\/\/www.instagram.com\/psicoanalisisdialogico\" target=\"_blank\">\n\t\t\t\t\t\t\t\t<span class=\"qodef-e-social-icon\">\n\t\t\t\t\t<svg aria-hidden=\"true\" class=\"e-font-icon-svg e-fab-instagram\" viewBox=\"0 0 448 512\" xmlns=\"http:\/\/www.w3.org\/2000\/svg\"><path d=\"M224.1 141c-63.6 0-114.9 51.3-114.9 114.9s51.3 114.9 114.9 114.9S339 319.5 339 255.9 287.7 141 224.1 141zm0 189.6c-41.1 0-74.7-33.5-74.7-74.7s33.5-74.7 74.7-74.7 74.7 33.5 74.7 74.7-33.6 74.7-74.7 74.7zm146.4-194.3c0 14.9-12 26.8-26.8 26.8-14.9 0-26.8-12-26.8-26.8s12-26.8 26.8-26.8 26.8 12 26.8 26.8zm76.1 27.2c-1.7-35.9-9.9-67.7-36.2-93.9-26.2-26.2-58-34.4-93.9-36.2-37-2.1-147.9-2.1-184.9 0-35.8 1.7-67.6 9.9-93.9 36.1s-34.4 58-36.2 93.9c-2.1 37-2.1 147.9 0 184.9 1.7 35.9 9.9 67.7 36.2 93.9s58 34.4 93.9 36.2c37 2.1 147.9 2.1 184.9 0 35.9-1.7 67.7-9.9 93.9-36.2 26.2-26.2 34.4-58 36.2-93.9 2.1-37 2.1-147.8 0-184.8zM398.8 388c-7.8 19.6-22.9 34.7-42.6 42.6-29.5 11.7-99.5 9-132.1 9s-102.7 2.6-132.1-9c-19.6-7.8-34.7-22.9-42.6-42.6-11.7-29.5-9-99.5-9-132.1s-2.6-102.7 9-132.1c7.8-19.6 22.9-34.7 42.6-42.6 29.5-11.7 99.5-9 132.1-9s102.7-2.6 132.1 9c19.6 7.8 34.7 22.9 42.6 42.6 11.7 29.5 9 99.5 9 132.1s2.7 102.7-9 132.1z\"><\/path><\/svg>\t\t\t\t<\/span>\n\t\t\t\t\t\t\t\t\t<\/a>\n\t\t\t\t\t\t<\/div>\n\t\t<\/div>\n\t<\/div>\n<\/div>\n\t\t<\/div>\n\t\t\t\t<\/div>\n\t\t\t\t\t<\/div>\n\t\t<\/div>\n\t\t\t\t<div class=\"elementor-column elementor-col-50 elementor-top-column elementor-element elementor-element-ad13cd7\" data-id=\"ad13cd7\" data-element_type=\"column\">\n\t\t\t<div class=\"elementor-widget-wrap elementor-element-populated\">\n\t\t\t\t\t\t<div class=\"elementor-element elementor-element-4aba1bd elementor-widget elementor-widget-qi_addons_for_elementor_team_member\" data-id=\"4aba1bd\" data-element_type=\"widget\" data-widget_type=\"qi_addons_for_elementor_team_member.default\">\n\t\t\t\t<div class=\"elementor-widget-container\">\n\t\t\t<div class=\"qodef-shortcode qodef-m  qodef-qi-team-member qodef-item-layout--info-below \">\n\t<div class=\"qodef-m-inner\">\n\t\t<div class=\"qodef-m-image\">\n\t\t\t\t<div class=\"qodef-m-media-image\">\n\t\t<img decoding=\"async\" width=\"500\" height=\"500\" src=\"https:\/\/psicoanalisisdialogico.cl\/wp-content\/uploads\/2024\/12\/1.png\" class=\"attachment-full size-full\" alt=\"\" srcset=\"https:\/\/psicoanalisisdialogico.cl\/wp-content\/uploads\/2024\/12\/1.png 500w, https:\/\/psicoanalisisdialogico.cl\/wp-content\/uploads\/2024\/12\/1-300x300.png 300w, https:\/\/psicoanalisisdialogico.cl\/wp-content\/uploads\/2024\/12\/1-150x150.png 150w\" sizes=\"(max-width: 500px) 100vw, 500px\" \/>\t<\/div>\n\t\t<\/div>\n\t\t<div class=\"qodef-m-content\">\n\t\t\t\t<h4 itemprop=\"name\" class=\"qodef-m-title\">\n\t\tSebasti\u00e1n Collado\t<\/h4>\n\t\t\t\t\t<p class=\"qodef-m-role\">Es doctor en psicolog\u00eda, Mag\u00edster en G\u00e9nero y Cambio Cultural, actor y bailar\u00edn profesional. Actualmente desarrolla su trabajo como acad\u00e9mico colaborador de la Facultad de Psicolog\u00eda de la Universidad Alberto Hurtado, en la consulta privada y en intervenciones cl\u00ednico-comunitarias. Durante varios a\u00f1os ha investigado el malestar subjetivo de grupos marginalizados como refugiados de guerra y personas de la diversidad sexogen\u00e9rica a partir de los planteamientos de Donald Winnicott, Jean Laplanche y el Dialogismo.<\/p>\n\t\t\t\t<div class=\"qodef-m-social-icons\">\n\t\t\t\t\t\t\t<a class=\"qodef-e-social-icon-link\" itemprop=\"url\" href=\"https:\/\/www.researchgate.net\/profile\/Sebastian-Collado-2\" target=\"_blank\">\n\t\t\t\t\t\t\t\t<span class=\"qodef-e-social-icon\">\n\t\t\t\t\t<svg aria-hidden=\"true\" class=\"e-font-icon-svg e-fab-researchgate\" viewBox=\"0 0 448 512\" xmlns=\"http:\/\/www.w3.org\/2000\/svg\"><path d=\"M0 32v448h448V32H0zm262.2 334.4c-6.6 3-33.2 6-50-14.2-9.2-10.6-25.3-33.3-42.2-63.6-8.9 0-14.7 0-21.4-.6v46.4c0 23.5 6 21.2 25.8 23.9v8.1c-6.9-.3-23.1-.8-35.6-.8-13.1 0-26.1.6-33.6.8v-8.1c15.5-2.9 22-1.3 22-23.9V225c0-22.6-6.4-21-22-23.9V193c25.8 1 53.1-.6 70.9-.6 31.7 0 55.9 14.4 55.9 45.6 0 21.1-16.7 42.2-39.2 47.5 13.6 24.2 30 45.6 42.2 58.9 7.2 7.8 17.2 14.7 27.2 14.7v7.3zm22.9-135c-23.3 0-32.2-15.7-32.2-32.2V167c0-12.2 8.8-30.4 34-30.4s30.4 17.9 30.4 17.9l-10.7 7.2s-5.5-12.5-19.7-12.5c-7.9 0-19.7 7.3-19.7 19.7v26.8c0 13.4 6.6 23.3 17.9 23.3 14.1 0 21.5-10.9 21.5-26.8h-17.9v-10.7h30.4c0 20.5 4.7 49.9-34 49.9zm-116.5 44.7c-9.4 0-13.6-.3-20-.8v-69.7c6.4-.6 15-.6 22.5-.6 23.3 0 37.2 12.2 37.2 34.5 0 21.9-15 36.6-39.7 36.6z\"><\/path><\/svg>\t\t\t\t<\/span>\n\t\t\t\t\t\t\t\t\t<\/a>\n\t\t\t\t\t\t\t\t\t\t<a class=\"qodef-e-social-icon-link\" itemprop=\"url\" href=\"https:\/\/www.instagram.com\/psicoanalisisdialogico\" target=\"_blank\">\n\t\t\t\t\t\t\t\t<span class=\"qodef-e-social-icon\">\n\t\t\t\t\t<svg aria-hidden=\"true\" class=\"e-font-icon-svg e-fab-instagram\" viewBox=\"0 0 448 512\" xmlns=\"http:\/\/www.w3.org\/2000\/svg\"><path d=\"M224.1 141c-63.6 0-114.9 51.3-114.9 114.9s51.3 114.9 114.9 114.9S339 319.5 339 255.9 287.7 141 224.1 141zm0 189.6c-41.1 0-74.7-33.5-74.7-74.7s33.5-74.7 74.7-74.7 74.7 33.5 74.7 74.7-33.6 74.7-74.7 74.7zm146.4-194.3c0 14.9-12 26.8-26.8 26.8-14.9 0-26.8-12-26.8-26.8s12-26.8 26.8-26.8 26.8 12 26.8 26.8zm76.1 27.2c-1.7-35.9-9.9-67.7-36.2-93.9-26.2-26.2-58-34.4-93.9-36.2-37-2.1-147.9-2.1-184.9 0-35.8 1.7-67.6 9.9-93.9 36.1s-34.4 58-36.2 93.9c-2.1 37-2.1 147.9 0 184.9 1.7 35.9 9.9 67.7 36.2 93.9s58 34.4 93.9 36.2c37 2.1 147.9 2.1 184.9 0 35.9-1.7 67.7-9.9 93.9-36.2 26.2-26.2 34.4-58 36.2-93.9 2.1-37 2.1-147.8 0-184.8zM398.8 388c-7.8 19.6-22.9 34.7-42.6 42.6-29.5 11.7-99.5 9-132.1 9s-102.7 2.6-132.1-9c-19.6-7.8-34.7-22.9-42.6-42.6-11.7-29.5-9-99.5-9-132.1s-2.6-102.7 9-132.1c7.8-19.6 22.9-34.7 42.6-42.6 29.5-11.7 99.5-9 132.1-9s102.7-2.6 132.1 9c19.6 7.8 34.7 22.9 42.6 42.6 11.7 29.5 9 99.5 9 132.1s2.7 102.7-9 132.1z\"><\/path><\/svg>\t\t\t\t<\/span>\n\t\t\t\t\t\t\t\t\t<\/a>\n\t\t\t\t\t\t<\/div>\n\t\t<\/div>\n\t<\/div>\n<\/div>\n\t\t<\/div>\n\t\t\t\t<\/div>\n\t\t\t\t\t<\/div>\n\t\t<\/div>\n\t\t\t\t\t<\/div>\n\t\t<\/section>\n\t\t\t\t<\/div>\n\t\t","protected":false},"excerpt":{"rendered":"<p>Quienes somos Somos Sebasti\u00e1n y Mauricio. Nos conocimos mientras hac\u00edamos nuestros doctorados en psicolog\u00eda, pero lo que nos hizo realmente querer seguir conversando son nuestras trayectorias art\u00edsticas.&nbsp;Mauricio es m\u00fasico y Sebasti\u00e1n, bailar\u00edn.&nbsp; Mauricio ha trabajado a\u00f1os en la cl\u00ednica particular y Sebasti\u00e1n varios otros en intervenciones cl\u00ednicas comunitarias e individuales. Si bien, ninguno de los [&hellip;]<\/p>\n","protected":false},"author":1,"featured_media":0,"parent":0,"menu_order":0,"comment_status":"closed","ping_status":"closed","template":"qi-full-width.php","meta":{"content-type":"","footnotes":""},"class_list":["post-237","page","type-page","status-publish","hentry"],"yoast_head":"<!-- This site is optimized with the Yoast SEO plugin v24.0 - https:\/\/yoast.com\/wordpress\/plugins\/seo\/ -->\n<title>Team - Psicoanalisis Dialogico<\/title>\n<meta name=\"robots\" content=\"index, follow, max-snippet:-1, max-image-preview:large, max-video-preview:-1\" \/>\n<link rel=\"canonical\" href=\"https:\/\/psicoanalisisdialogico.cl\/index.php\/team\/\" \/>\n<meta property=\"og:locale\" content=\"es_ES\" \/>\n<meta property=\"og:type\" content=\"article\" \/>\n<meta property=\"og:title\" content=\"Team - Psicoanalisis Dialogico\" \/>\n<meta property=\"og:description\" content=\"Quienes somos Somos Sebasti\u00e1n y Mauricio. Nos conocimos mientras hac\u00edamos nuestros doctorados en psicolog\u00eda, pero lo que nos hizo realmente querer seguir conversando son nuestras trayectorias art\u00edsticas.&nbsp;Mauricio es m\u00fasico y Sebasti\u00e1n, bailar\u00edn.&nbsp; Mauricio ha trabajado a\u00f1os en la cl\u00ednica particular y Sebasti\u00e1n varios otros en intervenciones cl\u00ednicas comunitarias e individuales. Si bien, ninguno de los [&hellip;]\" \/>\n<meta property=\"og:url\" content=\"https:\/\/psicoanalisisdialogico.cl\/index.php\/team\/\" \/>\n<meta property=\"og:site_name\" content=\"Psicoanalisis Dialogico\" \/>\n<meta property=\"article:modified_time\" content=\"2025-03-24T18:15:16+00:00\" \/>\n<meta property=\"og:image\" content=\"https:\/\/psicoanalisisdialogico.cl\/wp-content\/uploads\/2024\/12\/2.png\" \/>\n<meta name=\"twitter:card\" content=\"summary_large_image\" \/>\n<meta name=\"twitter:label1\" content=\"Tiempo de lectura\" \/>\n\t<meta name=\"twitter:data1\" content=\"2 minutos\" \/>\n<script type=\"application\/ld+json\" class=\"yoast-schema-graph\">{\"@context\":\"https:\/\/schema.org\",\"@graph\":[{\"@type\":\"WebPage\",\"@id\":\"https:\/\/psicoanalisisdialogico.cl\/index.php\/team\/\",\"url\":\"https:\/\/psicoanalisisdialogico.cl\/index.php\/team\/\",\"name\":\"Team - Psicoanalisis Dialogico\",\"isPartOf\":{\"@id\":\"https:\/\/psicoanalisisdialogico.cl\/#website\"},\"primaryImageOfPage\":{\"@id\":\"https:\/\/psicoanalisisdialogico.cl\/index.php\/team\/#primaryimage\"},\"image\":{\"@id\":\"https:\/\/psicoanalisisdialogico.cl\/index.php\/team\/#primaryimage\"},\"thumbnailUrl\":\"https:\/\/psicoanalisisdialogico.cl\/wp-content\/uploads\/2024\/12\/2.png\",\"datePublished\":\"2020-10-14T11:13:08+00:00\",\"dateModified\":\"2025-03-24T18:15:16+00:00\",\"breadcrumb\":{\"@id\":\"https:\/\/psicoanalisisdialogico.cl\/index.php\/team\/#breadcrumb\"},\"inLanguage\":\"es\",\"potentialAction\":[{\"@type\":\"ReadAction\",\"target\":[\"https:\/\/psicoanalisisdialogico.cl\/index.php\/team\/\"]}]},{\"@type\":\"ImageObject\",\"inLanguage\":\"es\",\"@id\":\"https:\/\/psicoanalisisdialogico.cl\/index.php\/team\/#primaryimage\",\"url\":\"https:\/\/psicoanalisisdialogico.cl\/wp-content\/uploads\/2024\/12\/2.png\",\"contentUrl\":\"https:\/\/psicoanalisisdialogico.cl\/wp-content\/uploads\/2024\/12\/2.png\",\"width\":500,\"height\":500},{\"@type\":\"BreadcrumbList\",\"@id\":\"https:\/\/psicoanalisisdialogico.cl\/index.php\/team\/#breadcrumb\",\"itemListElement\":[{\"@type\":\"ListItem\",\"position\":1,\"name\":\"Portada\",\"item\":\"https:\/\/psicoanalisisdialogico.cl\/\"},{\"@type\":\"ListItem\",\"position\":2,\"name\":\"Team\"}]},{\"@type\":\"WebSite\",\"@id\":\"https:\/\/psicoanalisisdialogico.cl\/#website\",\"url\":\"https:\/\/psicoanalisisdialogico.cl\/\",\"name\":\"Psicoanalisis Dialogico\",\"description\":\"espacio cl\u00ednico de atenci\u00f3n, supervisi\u00f3n, como un grupo de estudio sobre arte, psicoan\u00e1lisis y dialogismo\",\"publisher\":{\"@id\":\"https:\/\/psicoanalisisdialogico.cl\/#organization\"},\"potentialAction\":[{\"@type\":\"SearchAction\",\"target\":{\"@type\":\"EntryPoint\",\"urlTemplate\":\"https:\/\/psicoanalisisdialogico.cl\/?s={search_term_string}\"},\"query-input\":{\"@type\":\"PropertyValueSpecification\",\"valueRequired\":true,\"valueName\":\"search_term_string\"}}],\"inLanguage\":\"es\"},{\"@type\":\"Organization\",\"@id\":\"https:\/\/psicoanalisisdialogico.cl\/#organization\",\"name\":\"Psicoanalisis Dialogico\",\"url\":\"https:\/\/psicoanalisisdialogico.cl\/\",\"logo\":{\"@type\":\"ImageObject\",\"inLanguage\":\"es\",\"@id\":\"https:\/\/psicoanalisisdialogico.cl\/#\/schema\/logo\/image\/\",\"url\":\"https:\/\/psicoanalisisdialogico.cl\/wp-content\/uploads\/2024\/12\/5.png\",\"contentUrl\":\"https:\/\/psicoanalisisdialogico.cl\/wp-content\/uploads\/2024\/12\/5.png\",\"width\":500,\"height\":500,\"caption\":\"Psicoanalisis Dialogico\"},\"image\":{\"@id\":\"https:\/\/psicoanalisisdialogico.cl\/#\/schema\/logo\/image\/\"}}]}<\/script>\n<!-- \/ Yoast SEO plugin. -->","yoast_head_json":{"title":"Team - Psicoanalisis Dialogico","robots":{"index":"index","follow":"follow","max-snippet":"max-snippet:-1","max-image-preview":"max-image-preview:large","max-video-preview":"max-video-preview:-1"},"canonical":"https:\/\/psicoanalisisdialogico.cl\/index.php\/team\/","og_locale":"es_ES","og_type":"article","og_title":"Team - Psicoanalisis Dialogico","og_description":"Quienes somos Somos Sebasti\u00e1n y Mauricio. Nos conocimos mientras hac\u00edamos nuestros doctorados en psicolog\u00eda, pero lo que nos hizo realmente querer seguir conversando son nuestras trayectorias art\u00edsticas.&nbsp;Mauricio es m\u00fasico y Sebasti\u00e1n, bailar\u00edn.&nbsp; Mauricio ha trabajado a\u00f1os en la cl\u00ednica particular y Sebasti\u00e1n varios otros en intervenciones cl\u00ednicas comunitarias e individuales. Si bien, ninguno de los [&hellip;]","og_url":"https:\/\/psicoanalisisdialogico.cl\/index.php\/team\/","og_site_name":"Psicoanalisis Dialogico","article_modified_time":"2025-03-24T18:15:16+00:00","og_image":[{"url":"https:\/\/psicoanalisisdialogico.cl\/wp-content\/uploads\/2024\/12\/2.png","type":"","width":"","height":""}],"twitter_card":"summary_large_image","twitter_misc":{"Tiempo de lectura":"2 minutos"},"schema":{"@context":"https:\/\/schema.org","@graph":[{"@type":"WebPage","@id":"https:\/\/psicoanalisisdialogico.cl\/index.php\/team\/","url":"https:\/\/psicoanalisisdialogico.cl\/index.php\/team\/","name":"Team - Psicoanalisis Dialogico","isPartOf":{"@id":"https:\/\/psicoanalisisdialogico.cl\/#website"},"primaryImageOfPage":{"@id":"https:\/\/psicoanalisisdialogico.cl\/index.php\/team\/#primaryimage"},"image":{"@id":"https:\/\/psicoanalisisdialogico.cl\/index.php\/team\/#primaryimage"},"thumbnailUrl":"https:\/\/psicoanalisisdialogico.cl\/wp-content\/uploads\/2024\/12\/2.png","datePublished":"2020-10-14T11:13:08+00:00","dateModified":"2025-03-24T18:15:16+00:00","breadcrumb":{"@id":"https:\/\/psicoanalisisdialogico.cl\/index.php\/team\/#breadcrumb"},"inLanguage":"es","potentialAction":[{"@type":"ReadAction","target":["https:\/\/psicoanalisisdialogico.cl\/index.php\/team\/"]}]},{"@type":"ImageObject","inLanguage":"es","@id":"https:\/\/psicoanalisisdialogico.cl\/index.php\/team\/#primaryimage","url":"https:\/\/psicoanalisisdialogico.cl\/wp-content\/uploads\/2024\/12\/2.png","contentUrl":"https:\/\/psicoanalisisdialogico.cl\/wp-content\/uploads\/2024\/12\/2.png","width":500,"height":500},{"@type":"BreadcrumbList","@id":"https:\/\/psicoanalisisdialogico.cl\/index.php\/team\/#breadcrumb","itemListElement":[{"@type":"ListItem","position":1,"name":"Portada","item":"https:\/\/psicoanalisisdialogico.cl\/"},{"@type":"ListItem","position":2,"name":"Team"}]},{"@type":"WebSite","@id":"https:\/\/psicoanalisisdialogico.cl\/#website","url":"https:\/\/psicoanalisisdialogico.cl\/","name":"Psicoanalisis Dialogico","description":"espacio cl\u00ednico de atenci\u00f3n, supervisi\u00f3n, como un grupo de estudio sobre arte, psicoan\u00e1lisis y dialogismo","publisher":{"@id":"https:\/\/psicoanalisisdialogico.cl\/#organization"},"potentialAction":[{"@type":"SearchAction","target":{"@type":"EntryPoint","urlTemplate":"https:\/\/psicoanalisisdialogico.cl\/?s={search_term_string}"},"query-input":{"@type":"PropertyValueSpecification","valueRequired":true,"valueName":"search_term_string"}}],"inLanguage":"es"},{"@type":"Organization","@id":"https:\/\/psicoanalisisdialogico.cl\/#organization","name":"Psicoanalisis Dialogico","url":"https:\/\/psicoanalisisdialogico.cl\/","logo":{"@type":"ImageObject","inLanguage":"es","@id":"https:\/\/psicoanalisisdialogico.cl\/#\/schema\/logo\/image\/","url":"https:\/\/psicoanalisisdialogico.cl\/wp-content\/uploads\/2024\/12\/5.png","contentUrl":"https:\/\/psicoanalisisdialogico.cl\/wp-content\/uploads\/2024\/12\/5.png","width":500,"height":500,"caption":"Psicoanalisis Dialogico"},"image":{"@id":"https:\/\/psicoanalisisdialogico.cl\/#\/schema\/logo\/image\/"}}]}},"_links":{"self":[{"href":"https:\/\/psicoanalisisdialogico.cl\/index.php\/wp-json\/wp\/v2\/pages\/237","targetHints":{"allow":["GET"]}}],"collection":[{"href":"https:\/\/psicoanalisisdialogico.cl\/index.php\/wp-json\/wp\/v2\/pages"}],"about":[{"href":"https:\/\/psicoanalisisdialogico.cl\/index.php\/wp-json\/wp\/v2\/types\/page"}],"author":[{"embeddable":true,"href":"https:\/\/psicoanalisisdialogico.cl\/index.php\/wp-json\/wp\/v2\/users\/1"}],"replies":[{"embeddable":true,"href":"https:\/\/psicoanalisisdialogico.cl\/index.php\/wp-json\/wp\/v2\/comments?post=237"}],"version-history":[{"count":27,"href":"https:\/\/psicoanalisisdialogico.cl\/index.php\/wp-json\/wp\/v2\/pages\/237\/revisions"}],"predecessor-version":[{"id":891,"href":"https:\/\/psicoanalisisdialogico.cl\/index.php\/wp-json\/wp\/v2\/pages\/237\/revisions\/891"}],"wp:attachment":[{"href":"https:\/\/psicoanalisisdialogico.cl\/index.php\/wp-json\/wp\/v2\/media?parent=237"}],"curies":[{"name":"wp","href":"https:\/\/api.w.org\/{rel}","templated":true}]}}